{"id":16960,"date":"2023-05-30T13:25:00","date_gmt":"2023-05-30T13:25:00","guid":{"rendered":"https:\/\/www.liveop.net\/home-parallax\/"},"modified":"2023-10-08T21:31:28","modified_gmt":"2023-10-08T21:31:28","slug":"home-parallax","status":"publish","type":"page","link":"https:\/\/liveop.net\/de\/","title":{"rendered":"LIVEOP &#8211; Startseite"},"content":{"rendered":"<p>[vc_row][vc_column width=&#8220;1\/1&#8243;]\n\t\t\t<!-- START LIVEOP HOME  Vision DE REVOLUTION SLIDER 6.4.6 --><p class=\"rs-p-wp-fix\"><\/p>\n\t\t\t<rs-module-wrap id=\"rev_slider_12_1_wrapper\" data-source=\"gallery\" style=\"background:transparent;padding:0;margin:0px auto;margin-top:0;margin-bottom:0;\">\n\t\t\t\t<rs-module id=\"rev_slider_12_1\" style=\"\" data-version=\"6.4.6\">\n\t\t\t\t\t<rs-slides>\n\t\t\t\t\t\t<rs-slide data-key=\"rs-16\" data-title=\"Slide\" data-in=\"o:0;\" data-out=\"a:false;\">\n\t\t\t\t\t\t\t<img src=\"\/wp-content\/uploads\/2023\/06\/firefighter.jpg\" title=\"firefighter\" width=\"2560\" height=\"1708\" class=\"rev-slidebg tp-rs-img\" data-no-retina>\n<!--\n\t\t\t\t\t\t\t--><rs-layer\n\t\t\t\t\t\t\t\tid=\"slider-12-slide-16-layer-0\" \n\t\t\t\t\t\t\t\tdata-type=\"text\"\n\t\t\t\t\t\t\t\tdata-color=\"#efefef\"\n\t\t\t\t\t\t\t\tdata-rsp_ch=\"on\"\n\t\t\t\t\t\t\t\tdata-xy=\"xo:75px,79px,78px,14px;yo:441px,425px,425px,422px;\"\n\t\t\t\t\t\t\t\tdata-text=\"w:normal;s:32,26,27,25;l:46,37,39,38;fw:300;\"\n\t\t\t\t\t\t\t\tdata-dim=\"minh:0,none,none,none;\"\n\t\t\t\t\t\t\t\tdata-padding=\"r:10,8,8,9;l:10,8,8,9;\"\n\t\t\t\t\t\t\t\tdata-frame_999=\"o:0;st:w;\"\n\t\t\t\t\t\t\t\tstyle=\"z-index:9;font-family:Roboto;\"\n\t\t\t\t\t\t\t>Ihre Ambitionen. Unsere L\u00f6sungen. <br \/>\nUnendliche M\u00f6glichkeiten. \n\t\t\t\t\t\t\t<\/rs-layer><!--\n\n\t\t\t\t\t\t\t--><rs-layer\n\t\t\t\t\t\t\t\tid=\"slider-12-slide-16-layer-9\" \n\t\t\t\t\t\t\t\tdata-type=\"text\"\n\t\t\t\t\t\t\t\tdata-color=\"#efefef\"\n\t\t\t\t\t\t\t\tdata-rsp_ch=\"on\"\n\t\t\t\t\t\t\t\tdata-xy=\"xo:73px,73px,73px,13px;yo:237px,237px,237px,254px;\"\n\t\t\t\t\t\t\t\tdata-text=\"w:normal;s:74,74,74,69;l:92,92,92,84;fw:900;\"\n\t\t\t\t\t\t\t\tdata-dim=\"minh:0,none,none,none;\"\n\t\t\t\t\t\t\t\tdata-padding=\"r:10;l:10;\"\n\t\t\t\t\t\t\t\tdata-frame_999=\"o:0;st:w;\"\n\t\t\t\t\t\t\t\tstyle=\"z-index:8;font-family:Roboto;text-transform:uppercase;\"\n\t\t\t\t\t\t\t>SICHERHEIT<br \/>\nMIT VISION \n\t\t\t\t\t\t\t<\/rs-layer><!--\n-->\t\t\t\t\t\t<\/rs-slide>\n\t\t\t\t\t<\/rs-slides>\n\t\t\t\t<\/rs-module>\n\t\t\t\t<script type=\"text\/javascript\">\n\t\t\t\t\tsetREVStartSize({c: 'rev_slider_12_1',rl:[1240,1024,778,480],el:[900,768,960,720],gw:[1240,1024,778,480],gh:[900,768,960,720],type:'standard',justify:'',layout:'fullwidth',mh:\"0\"});\n\t\t\t\t\tvar\trevapi12,\n\t\t\t\t\t\ttpj;\n\t\t\t\t\tfunction revinit_revslider121() {\n\t\t\t\t\tjQuery(function() {\n\t\t\t\t\t\ttpj = jQuery;\n\t\t\t\t\t\trevapi12 = tpj(\"#rev_slider_12_1\");\n\t\t\t\t\t\tif(revapi12==undefined || revapi12.revolution == undefined){\n\t\t\t\t\t\t\trevslider_showDoubleJqueryError(\"rev_slider_12_1\");\n\t\t\t\t\t\t}else{\n\t\t\t\t\t\t\trevapi12.revolution({\n\t\t\t\t\t\t\t\tDPR:\"dpr\",\n\t\t\t\t\t\t\t\tsliderLayout:\"fullwidth\",\n\t\t\t\t\t\t\t\tvisibilityLevels:\"1240,1024,778,480\",\n\t\t\t\t\t\t\t\tgridwidth:\"1240,1024,778,480\",\n\t\t\t\t\t\t\t\tgridheight:\"900,768,960,720\",\n\t\t\t\t\t\t\t\tperspective:600,\n\t\t\t\t\t\t\t\tperspectiveType:\"global\",\n\t\t\t\t\t\t\t\teditorheight:\"900,768,960,720\",\n\t\t\t\t\t\t\t\tresponsiveLevels:\"1240,1024,778,480\",\n\t\t\t\t\t\t\t\tprogressBar:{disableProgressBar:true},\n\t\t\t\t\t\t\t\tnavigation: {\n\t\t\t\t\t\t\t\t\tonHoverStop:false\n\t\t\t\t\t\t\t\t},\n\t\t\t\t\t\t\t\tfallbacks: {\n\t\t\t\t\t\t\t\t\tallowHTML5AutoPlayOnAndroid:true\n\t\t\t\t\t\t\t\t},\n\t\t\t\t\t\t\t});\n\t\t\t\t\t\t}\n\t\t\t\t\t\t\n\t\t\t\t\t});\n\t\t\t\t\t} \/\/ End of RevInitScript\n\t\t\t\tvar once_revslider121 = false;\n\t\t\t\tif (document.readyState === \"loading\") {document.addEventListener('readystatechange',function() { if((document.readyState === \"interactive\" || document.readyState === \"complete\") && !once_revslider121 ) { once_revslider121 = true; revinit_revslider121();}});} else {once_revslider121 = true; revinit_revslider121();}\n\t\t\t\t<\/script>\n\t\t\t<\/rs-module-wrap>\n\t\t\t<!-- END REVOLUTION SLIDER -->\n[\/vc_column][\/vc_row][vc_row bg_color=&#8220;#edebea&#8220; section_arrow=&#8220;false&#8220; text_color=&#8220;light&#8220; top_padding=&#8220;100&#8243; bg_position=&#8220;left top&#8220;][vc_column width=&#8220;1\/1&#8243;]<h1 class=\"headline font-inherit fontsize-xxxxl fontweight-300 lh-inherit align-center transform-inherit \" style=\"margin: 0 0 20px 0; color: #212121;\">Vorsprung durch Vision. Sicherheit durch Innovation.<\/h1><h2 class=\"headline font-inherit fontsize-m fontweight-inherit lh-inherit align-center transform-inherit \" style=\"margin: 0 0 20px 0; color: #212121;\">Ihre Sicherheit, unsere Priorit\u00e4t. LIVEOP bietet Beh\u00f6rden und Organisationen mit Sicherheitsaufgaben, Flugh\u00e4fen, Industrieunternehmen und anderen Einrichtungen eine leistungsstarke Plattform f\u00fcr das Einsatz- und Krisenmanagement. Ob Feuerwehr- und Polizeikr\u00e4fte oder Sicherheitspersonal, wir sind hier, um Ihre heroischen Bem\u00fchungen zu unterst\u00fctzen.<\/h2><div class=\"single_image wpb_content_element align-center    \" data-animation=\"none\" data-delay=\"0\"><img width=\"504\" height=\"393\" src=\"\/wp-content\/uploads\/2023\/06\/X-tablet-phone-1024x448-2.png\" class=\"attachment-full\" alt=\"\" decoding=\"async\" loading=\"lazy\" srcset=\"\/wp-content\/uploads\/2023\/06\/X-tablet-phone-1024x448-2.png 504w, \/wp-content\/uploads\/2023\/06\/X-tablet-phone-1024x448-2-300x234.png 300w\" sizes=\"(max-width: 504px) 100vw, 504px\" \/><\/div>[\/vc_column][\/vc_row][vc_row][vc_column width=&#8220;1\/1&#8243;]<div class=\"spacer\" style=\"height: 80px;\"><\/div>[vc_row_inner][vc_column_inner width=&#8220;1\/3&#8243;]<div class=\"iconbox  wpb_content_element iconbox-style-1 icon-color-accent color-dark animation-none\"><h3><i class=\"fa fa-exclamation-triangle boxicon\" style=\"\"><\/i><span>Einsatzmanagement<\/span><\/h3><p>Leiten und managen Sie Eins\u00e4tze mit den Echtzeit-Kommunikations- und Kollaborations-Tools von LIVEOP. Benutzerfreundlich und leistungsf\u00e4higer als je zuvor.<\/p><\/div><div class=\"spacer\" style=\"height: 0px;\"><\/div>[\/vc_column_inner][vc_column_inner width=&#8220;1\/3&#8243;]<div class=\"iconbox  wpb_content_element iconbox-style-1 icon-color-accent color-dark animation-none\"><h3><i class=\"fa fa-user-shield boxicon\" style=\"\"><\/i><span>Krisenmanagement<\/span><\/h3><p>Besser vorbereitet, mehr Einblick und mehr Kontrolle. Minimieren Sie Risiken und \u00fcberlassen Sie nichts dem Zufall mit unserem fortschrittlichen Tooling.<\/p><\/div><div class=\"spacer\" style=\"height: 0px;\"><\/div>[\/vc_column_inner][vc_column_inner width=&#8220;1\/3&#8243;]<div class=\"iconbox  wpb_content_element iconbox-style-1 icon-color-accent color-dark animation-none\"><h3><i class=\"fa fa-book-open boxicon\" style=\"\"><\/i><span>\u00dcbung und Vorbereitung<\/span><\/h3><p>St\u00e4rken Sie Ihre Einsatzbereitschaft mit unserem Trainingsmodul und steigern Sie die Leistungsf\u00e4higkeit und Qualit\u00e4t Ihres Teams. F\u00fcr die entscheidenden Momente besser vorbereitet.<\/p><\/div><div class=\"spacer\" style=\"height: 0px;\"><\/div>[\/vc_column_inner][\/vc_row_inner][vc_row_inner][vc_column_inner width=&#8220;1\/3&#8243;]<div class=\"iconbox  wpb_content_element iconbox-style-1 icon-color-accent color-dark animation-none\"><h3><i class=\"fa fa-chart-bar boxicon\" style=\"\"><\/i><span>Business intelligence<\/span><\/h3><p>Gewinnen Sie wertvolle Erkenntnisse aus Ihren Daten und treffen Sie fundierte Entscheidungen. Steuern Sie Ihre Organisation mit Wissen und Pr\u00e4zision.<\/p><\/div>[\/vc_column_inner][vc_column_inner width=&#8220;1\/3&#8243;]<div class=\"iconbox  wpb_content_element iconbox-style-1 icon-color-accent color-dark animation-none\"><h3><i class=\"fa fa-shield-alt boxicon\" style=\"\"><\/i><span>Pr\u00e4vention<\/span><\/h3><p>Nutzen Sie die Risikobewertung- und Signalisierungs-Tools von LIVEOP, um Eins\u00e4tze zu verhindern oder vermindern, und eine sichere Umgebung zu schaffen.<\/p><\/div>[\/vc_column_inner][vc_column_inner width=&#8220;1\/3&#8243;]<div class=\"iconbox  wpb_content_element iconbox-style-1 icon-color-accent color-dark animation-none\"><h3><i class=\"fa fa-eye boxicon\" style=\"\"><\/i><span>Monitoring<\/span><\/h3><p>\u00dcberwachen Sie Echtzeitdaten, Statusaktualisierungen und Live-Feeds mit den umfassenden und anpassbaren Dashboards von LIVEOP.<\/p><\/div>[\/vc_column_inner][\/vc_row_inner]<div class=\"spacer\" style=\"height: 80px;\"><\/div>[\/vc_column][\/vc_row][vc_row bg_image=&#8220;16598&#8243; top_padding=&#8220;100&#8243; bottom_padding=&#8220;100&#8243; mobile_portrait_visibility=&#8220;hide&#8220; bg_position=&#8220;left top&#8220;][vc_column width=&#8220;1\/2&#8243;][\/vc_column][vc_column width=&#8220;1\/2&#8243;]<h1 class=\"headline font-special fontsize-m fontweight-600 lh-inherit align-left transform-uppercase \" style=\"margin: 0 0 20px 0;\">EIN PLATTFORM. UNENDLICHE M\u00d6GLICHKEITEN.<\/h1>[vc_column_text el_class=&#8220;fontsize-m&#8220;]Entfesseln Sie die Kraft Ihrer Organisation mit der vollst\u00e4ndig integrierten Online-Plattform von LIVEOP. Diese bietet eine benutzerfreundliche und personalisierbare Umgebung, um das Krisen- und Einsatzmanagement zu optimieren, und nutzt mit KI und fortschrittlicher Technologie f\u00fcr eine bessere, informationsbasierte Entscheidungsfindung. Wir k\u00fcmmern uns um die Technologie, damit sich Ihre Menschen auf ihre kritischen Aufgaben konzentrieren k\u00f6nnen.[\/vc_column_text]<a href=\"\/de\/products\" target=\"_self\" class=\"button color-3 medium \" style=\"border-radius: 2px;\">Mehr erfahren<\/a>[\/vc_column][\/vc_row][vc_row bg_color=&#8220;#f2f2f2&#8243; top_padding=&#8220;40&#8243; bottom_padding=&#8220;40&#8243; desktop_visibility=&#8220;hide&#8220; tablet_landscape_visibility=&#8220;hide&#8220; tablet_portrait_visibility=&#8220;hide&#8220; mobile_landscape_visibility=&#8220;hide&#8220; bg_position=&#8220;left top&#8220;][vc_column width=&#8220;1\/1&#8243;]<div class=\"single_image wpb_content_element align-left    \" data-animation=\"none\" data-delay=\"0\"><img width=\"800\" height=\"600\" src=\"\/wp-content\/uploads\/2023\/06\/product-livenav-light-1.png\" class=\"attachment-full\" alt=\"\" decoding=\"async\" loading=\"lazy\" srcset=\"\/wp-content\/uploads\/2023\/06\/product-livenav-light-1.png 800w, \/wp-content\/uploads\/2023\/06\/product-livenav-light-1-300x225.png 300w, \/wp-content\/uploads\/2023\/06\/product-livenav-light-1-768x576.png 768w\" sizes=\"(max-width: 800px) 100vw, 800px\" \/><\/div><h1 class=\"headline font-special fontsize-m fontweight-600 lh-inherit align-left transform-uppercase \" style=\"margin: 0 0 20px 0;\">EIN PLATTFORM. UNENDLICHE M\u00d6GLICHKEITEN.<\/h1>[vc_column_text el_class=&#8220;fontsize-m&#8220;]Entfesseln Sie die Kraft Ihrer Organisation mit der vollst\u00e4ndig integrierten Online-Plattform von LIVEOP. Diese bietet eine benutzerfreundliche und personalisierbare Umgebung, um das Krisen- und Einsatzmanagement zu optimieren, und nutzt mit KI und fortschrittlicher Technologie f\u00fcr bessere, informationsbasierte Entscheidungsfindung. Wir k\u00fcmmern uns um die Technologie, damit sich Ihre Menschen auf ihre kritischen Aufgaben konzentrieren k\u00f6nnen.[\/vc_column_text]<a href=\"\/de\/products\" target=\"_self\" class=\"button color-3 medium \" style=\"border-radius: 2px;\">Mehr erfahren<\/a>[\/vc_column][\/vc_row][vc_row bg_image=&#8220;16539&#8243; bg_color=&#8220;#d1d1d1&#8243; section_arrow=&#8220;false&#8220; full_height=&#8220;true&#8220;][vc_column width=&#8220;1\/1&#8243;][\/vc_column][\/vc_row][vc_row text_align=&#8220;center&#8220; top_padding=&#8220;100&#8243; bg_position=&#8220;left top&#8220;][vc_column width=&#8220;1\/1&#8243;]<h3 class=\"headline font-special fontsize-l fontweight-700 lh-inherit align-center transform-uppercase \" style=\"margin: 0 0 20px 0;\">UNSERE PRODUKTE<\/h3>[vc_column_text el_class=&#8220;fontsize-m&#8220;]<\/p>\n<p style=\"text-align: center;\">Unsere L\u00f6sungen helfen Ihrer Organisation, die Herausforderungen des Einsatz- und Krisenmanagements zu bew\u00e4ltigen. Vom LIVEOP Portal und LIVEOP X bis zu LIVENAV und LIVECOMMAND erfahren Sie wie jedes Produkt zur Sicherheit und Effizienz Ihres Teams beitragen kann.<\/p>\n<p>[\/vc_column_text]<a href=\"\/de\/products\" target=\"_self\" class=\"button color-3 medium \" style=\"border-radius: 2px;\">Mehr erfahren<\/a><div class=\"divider divider1\" style='margin:60px 0 60px 0 !important;'><\/div>[\/vc_column][\/vc_row][vc_row][vc_column width=&#8220;1\/1&#8243;][vc_row_inner][vc_column_inner]<h1 class=\"headline font-special fontsize-l fontweight-700 lh-inherit align-center transform-uppercase \" style=\"margin: 0 0 0 0;\">Warum die Wahl f\u00fcr LIVEOP?<\/h1>[\/vc_column_inner][\/vc_row_inner][\/vc_column][\/vc_row][vc_row top_padding=&#8220;40&#8243; bottom_padding=&#8220;100&#8243; class=&#8220;fontsize-s&#8220; bg_position=&#8220;left top&#8220;][vc_column animation=&#8220;fade-in-from-bottom&#8220; width=&#8220;1\/4&#8243;]<div class=\"iconbox  wpb_content_element iconbox-style-2 icon-color-accent color-dark clearfix\"><div class=\"iconbox-icon\"><i class=\"fa fa-smile boxicon\" style=\"\"><\/i><\/div><div class=\"iconbox-content\"><h3>Innovativ &amp; benutzerfreundlich<\/h3><p>Wir kombinieren fortschrittliche Technologie und KI in unseren einfachen und benutzerfreundlichen Anwendungen.<\/p><\/div><\/div>[\/vc_column][vc_column animation=&#8220;fade-in-from-bottom&#8220; width=&#8220;1\/4&#8243;]<div class=\"iconbox  wpb_content_element iconbox-style-2 icon-color-accent color-dark clearfix\"><div class=\"iconbox-icon\"><i class=\"fa fa-sitemap boxicon\" style=\"\"><\/i><\/div><div class=\"iconbox-content\"><h3>Integrierte Tools<\/h3><p>Unsere Angebote umfassen eine breite Palette spezialisierter Anwendungen, die zusammen eine integrierte Plattform bilden.<\/p><\/div><\/div>[\/vc_column][vc_column animation=&#8220;fade-in-from-bottom&#8220; width=&#8220;1\/4&#8243;]<div class=\"iconbox  wpb_content_element iconbox-style-2 icon-color-accent color-dark clearfix\"><div class=\"iconbox-icon\"><i class=\"fa fa-user-cog boxicon\" style=\"\"><\/i><\/div><div class=\"iconbox-content\"><h3>Pers\u00f6nliche Anpassung<\/h3><p>Unsere L\u00f6sungen sind vollst\u00e4ndig personalisierbar, um den einzigartigen Bed\u00fcrfnissen Ihrer Organisation gerecht zu werden.<\/p><\/div><\/div>[\/vc_column][vc_column animation=&#8220;fade-in-from-bottom&#8220; width=&#8220;1\/4&#8243;]<div class=\"iconbox  wpb_content_element iconbox-style-2 icon-color-accent color-dark clearfix\"><div class=\"iconbox-icon\"><i class=\"fa fa-database boxicon\" style=\"\"><\/i><\/div><div class=\"iconbox-content\"><h3>Datengetriebene Entscheidungsfindung<\/h3><p>Verkn\u00fcpfen Sie Ihre internen und externen Datenquellen mit LIVEOP f\u00fcr eine effiziente operative Informationsbereitstellung.<\/p><\/div><\/div>[\/vc_column][\/vc_row][vc_row type=&#8220;full_width_section&#8220; bg_position=&#8220;left top&#8220;][vc_column width=&#8220;1\/1&#8243;]<div class=\"callout clearfix\" style=\"background-color:#4821f2; color:#ffffff;\">\r\n\t\t<div class=\"callout-text\">Sind Sie bereit f\u00fcr den n\u00e4chsten Schritt?<\/div>\r\n\t\t\t<div class=\"callout-button\"><a class=\"button medium color-6\" href=\"\/de\/contact\" target=\"_self\">Kontaktieren Sie uns<\/a><\/div>\r\n\t\t<\/div>[\/vc_column][\/vc_row]<\/p>\n","protected":false},"excerpt":{"rendered":"<p>[vc_row][vc_column width=&#8220;1\/1&#8243;][\/vc_column][\/vc_row][vc_row bg_color=&#8220;#edebea&#8220; section_arrow=&#8220;false&#8220; text_color=&#8220;light&#8220; top_padding=&#8220;100&#8243; bg_position=&#8220;left top&#8220;][vc_column width=&#8220;1\/1&#8243;][\/vc_column][\/vc_row][vc_row][vc_column width=&#8220;1\/1&#8243;][vc_row_inner][vc_column_inner width=&#8220;1\/3&#8243;][\/vc_column_inner][vc_column_inner width=&#8220;1\/3&#8243;][\/vc_column_inner][vc_column_inner width=&#8220;1\/3&#8243;][\/vc_column_inner][\/vc_row_inner][vc_row_inner][vc_column_inner width=&#8220;1\/3&#8243;][\/vc_column_inner][vc_column_inner width=&#8220;1\/3&#8243;][\/vc_column_inner][vc_column_inner width=&#8220;1\/3&#8243;][\/vc_column_inner][\/vc_row_inner][\/vc_column][\/vc_row][vc_row bg_image=&#8220;16598&#8243; top_padding=&#8220;100&#8243; bottom_padding=&#8220;100&#8243; mobile_portrait_visibility=&#8220;hide&#8220; bg_position=&#8220;left top&#8220;][vc_column width=&#8220;1\/2&#8243;][\/vc_column][vc_column width=&#8220;1\/2&#8243;][vc_column_text el_class=&#8220;fontsize-m&#8220;]Entfesseln Sie die Kraft Ihrer Organisation mit der vollst\u00e4ndig integrierten Online-Plattform von LIVEOP. Diese bietet eine benutzerfreundliche und personalisierbare Umgebung, um das Krisen- und Einsatzmanagement zu optimieren, und nutzt mit KI und fortschrittlicher Technologie f\u00fcr eine bessere, informationsbasierte Entscheidungsfindung. Wir k\u00fcmmern uns um die Technologie, damit sich Ihre Menschen auf ihre kritischen Aufgaben konzentrieren k\u00f6nnen.[\/vc_column_text][\/vc_column][\/vc_row][vc_row bg_color=&#8220;#f2f2f2&#8243; top_padding=&#8220;40&#8243; bottom_padding=&#8220;40&#8243; desktop_visibility=&#8220;hide&#8220; tablet_landscape_visibility=&#8220;hide&#8220; tablet_portrait_visibility=&#8220;hide&#8220; mobile_landscape_visibility=&#8220;hide&#8220; bg_position=&#8220;left top&#8220;][vc_column width=&#8220;1\/1&#8243;][vc_column_text el_class=&#8220;fontsize-m&#8220;]Entfesseln Sie die Kraft Ihrer Organisation mit der vollst\u00e4ndig integrierten Online-Plattform von LIVEOP. Diese bietet eine benutzerfreundliche und personalisierbare Umgebung, um das Krisen- und Einsatzmanagement zu optimieren, und nutzt mit KI und fortschrittlicher Technologie f\u00fcr bessere, informationsbasierte Entscheidungsfindung. Wir k\u00fcmmern uns um die Technologie, damit sich Ihre Menschen auf ihre kritischen Aufgaben konzentrieren k\u00f6nnen.[\/vc_column_text][\/vc_column][\/vc_row][vc_row bg_image=&#8220;16539&#8243; bg_color=&#8220;#d1d1d1&#8243; section_arrow=&#8220;false&#8220; full_height=&#8220;true&#8220;][vc_column width=&#8220;1\/1&#8243;][\/vc_column][\/vc_row][vc_row text_align=&#8220;center&#8220; top_padding=&#8220;100&#8243; bg_position=&#8220;left top&#8220;][vc_column width=&#8220;1\/1&#8243;][vc_column_text el_class=&#8220;fontsize-m&#8220;] Unsere L\u00f6sungen helfen Ihrer Organisation, die Herausforderungen des Einsatz- und Krisenmanagements zu bew\u00e4ltigen. Vom LIVEOP Portal und LIVEOP X bis zu LIVENAV und LIVECOMMAND erfahren Sie wie jedes Produkt zur Sicherheit und Effizienz Ihres Teams beitragen kann. [\/vc_column_text][\/vc_column][\/vc_row][vc_row][vc_column width=&#8220;1\/1&#8243;][vc_row_inner][vc_column_inner][\/vc_column_inner][\/vc_row_inner][\/vc_column][\/vc_row][vc_row top_padding=&#8220;40&#8243; bottom_padding=&#8220;100&#8243; class=&#8220;fontsize-s&#8220; bg_position=&#8220;left top&#8220;][vc_column animation=&#8220;fade-in-from-bottom&#8220; width=&#8220;1\/4&#8243;][\/vc_column][vc_column [&hellip;]<\/p>\n","protected":false},"author":7,"featured_media":0,"parent":0,"menu_order":0,"comment_status":"closed","ping_status":"closed","template":"","meta":{"inline_featured_image":false},"_links":{"self":[{"href":"https:\/\/liveop.net\/de\/wp-json\/wp\/v2\/pages\/16960"}],"collection":[{"href":"https:\/\/liveop.net\/de\/wp-json\/wp\/v2\/pages"}],"about":[{"href":"https:\/\/liveop.net\/de\/wp-json\/wp\/v2\/types\/page"}],"author":[{"embeddable":true,"href":"https:\/\/liveop.net\/de\/wp-json\/wp\/v2\/users\/7"}],"replies":[{"embeddable":true,"href":"https:\/\/liveop.net\/de\/wp-json\/wp\/v2\/comments?post=16960"}],"version-history":[{"count":15,"href":"https:\/\/liveop.net\/de\/wp-json\/wp\/v2\/pages\/16960\/revisions"}],"predecessor-version":[{"id":17120,"href":"https:\/\/liveop.net\/de\/wp-json\/wp\/v2\/pages\/16960\/revisions\/17120"}],"wp:attachment":[{"href":"https:\/\/liveop.net\/de\/wp-json\/wp\/v2\/media?parent=16960"}],"curies":[{"name":"wp","href":"https:\/\/api.w.org\/{rel}","templated":true}]}}